{"id":54,"date":"2026-05-14T19:37:08","date_gmt":"2026-05-14T19:37:08","guid":{"rendered":"https:\/\/tass2t.fr\/?page_id=54"},"modified":"2026-05-15T17:39:43","modified_gmt":"2026-05-15T17:39:43","slug":"faire-un-don","status":"publish","type":"page","link":"https:\/\/tass2t.fr\/index.php\/faire-un-don\/","title":{"rendered":"Faire un don"},"content":{"rendered":"\n<p><span style=\"color: #000000;\">L<\/span>&lsquo;association&nbsp;<strong><span style=\"color: #0000ff;\">AGIT<\/span><\/strong> en compl\u00e9ment des aides existantes, lorsque elles sont insuffisantes&nbsp; ou suspendues.<br><span style=\"font-size: revert;\">Votre participation financi\u00e8re permettra de subvenir aux d\u00e9penses de l&rsquo;association selon la r\u00e9partition suivante <br><strong>87% de votre don contribue aux d\u00e9penses loyers et charges, <br>2, 5% aux frais d&rsquo;assurance des h\u00e9bergements, <br>9,7% aux aides diverses aux familles,&nbsp;<\/strong><br><strong>0,8 % au frais de fonctionnement de l&rsquo;association<\/strong>.<\/span><\/p>\n\n\n\n<p><span style=\"font-size: revert;\">T<\/span>ass2T est une association reconnue d\u2019int\u00e9r\u00eat g\u00e9n\u00e9ral Article 200, 238 bis et 978 du CGI. : par cons\u00e9quent votre don vous fera b\u00e9n\u00e9ficier d&rsquo;une d\u00e9duction d&rsquo;imp\u00f4ts d&rsquo;un montant \u00e9quivalent \u00e0 66% de votre don.<br><strong>Par ex un don de 20\u20ac vous revient \u00e0 6,80\u20ac !<\/strong><\/p>\n\n\n\n<p>Les contributions correspondent \u00e0 des soutiens notamment pour le logement ou d&rsquo;autres activit\u00e9s. L&rsquo;association AGIT en compl\u00e9ment des aides existantes, lorsque elles sont insuffisantes\u00a0 ou suspendues<\/p>\n\n\n\n<p>Votre participation financi\u00e8re permettra de subvenir aux d\u00e9penses courantes, telles que le loyer, les transports, la sant\u00e9, les frais administratifs, etc<\/p>\n\n\n\n<p><strong><span style=\"color: #0000ff;\"><span style=\"color: #000000;\">Le formulaire ci-dessous vous permet d&rsquo;effectuer votre don en toute s\u00e9curit\u00e9.<br>Si besoin de nous contacter :<\/span> info@tass2t.fr<\/span><\/strong><\/p>\n\n\n\n<iframe id=\"haWidget\" allowtransparency=\"true\" scrolling=\"auto\" src=\"https:\/\/www.helloasso.com\/associations\/tass2t\/formulaires\/1\/widget\" style=\"width: 100%; height: 750px; border: none;\" onload=\"window.addEventListener('message', function(e) { const dataHeight = e.data.height; const haWidgetElement = document.getElementById('haWidget'); \n  if (dataHeight > parseFloat(haWidgetElement.height || 0)) { haWidgetElement.height = dataHeight + &lsquo;px&rsquo;;}})\u00a0\u00bb><\/iframe>\n\n\n\n<p><\/p>\n","protected":false},"excerpt":{"rendered":"<p>L&lsquo;association&nbsp;AGIT en compl\u00e9ment des aides existantes, lorsque elles sont insuffisantes&nbsp; ou suspendues.Votre participation financi\u00e8re permettra de subvenir aux d\u00e9penses de l&rsquo;association selon la r\u00e9partition suivante 87% de votre don contribue aux d\u00e9penses loyers et charges, 2, 5% aux frais d&rsquo;assurance des h\u00e9bergements, 9,7% aux aides diverses aux familles,&nbsp;0,8 % au frais de fonctionnement de l&rsquo;association. [&hellip;]<\/p>\n","protected":false},"author":1,"featured_media":0,"parent":0,"menu_order":0,"comment_status":"closed","ping_status":"closed","template":"","meta":{"footnotes":""},"class_list":["post-54","page","type-page","status-publish","hentry","entry"],"_links":{"self":[{"href":"https:\/\/tass2t.fr\/index.php\/wp-json\/wp\/v2\/pages\/54","targetHints":{"allow":["GET"]}}],"collection":[{"href":"https:\/\/tass2t.fr\/index.php\/wp-json\/wp\/v2\/pages"}],"about":[{"href":"https:\/\/tass2t.fr\/index.php\/wp-json\/wp\/v2\/types\/page"}],"author":[{"embeddable":true,"href":"https:\/\/tass2t.fr\/index.php\/wp-json\/wp\/v2\/users\/1"}],"replies":[{"embeddable":true,"href":"https:\/\/tass2t.fr\/index.php\/wp-json\/wp\/v2\/comments?post=54"}],"version-history":[{"count":6,"href":"https:\/\/tass2t.fr\/index.php\/wp-json\/wp\/v2\/pages\/54\/revisions"}],"predecessor-version":[{"id":167,"href":"https:\/\/tass2t.fr\/index.php\/wp-json\/wp\/v2\/pages\/54\/revisions\/167"}],"wp:attachment":[{"href":"https:\/\/tass2t.fr\/index.php\/wp-json\/wp\/v2\/media?parent=54"}],"curies":[{"name":"wp","href":"https:\/\/api.w.org\/{rel}","templated":true}]}}