{"id":41,"date":"2026-05-14T11:49:00","date_gmt":"2026-05-14T11:49:00","guid":{"rendered":"https:\/\/tass2t.fr\/?page_id=41"},"modified":"2026-05-14T11:49:00","modified_gmt":"2026-05-14T11:49:00","slug":"notre-histoire","status":"publish","type":"page","link":"https:\/\/tass2t.fr\/index.php\/notre-histoire\/","title":{"rendered":"Notre histoire"},"content":{"rendered":"\n<p>Tout d&rsquo;abord sous forme d&rsquo;un collectif, <strong>Tass2t<\/strong> a \u00e9t\u00e9 cr\u00e9\u00e9 \u00e0 l&rsquo;initiative de trois personnes :<\/p>\n\n\n\n<p><strong>Jacques<\/strong> : ing\u00e9nieur retrait\u00e9 &#8211; Anime un groupe d&rsquo;enseignants dans le domaine de l&rsquo;alphab\u00e9tisation &#8211; A travaill\u00e9 aux Restos du Coeur.<\/p>\n\n\n\n<p><strong>Philippe<\/strong> : m\u00e9decin retrait\u00e9 &#8211; Depuis 1998, membre de&nbsp; diff\u00e9rents Conseils d&rsquo;Administration d&rsquo;associations travaillant aupr\u00e8s des \u00ab\u00a0Gens de la rue\u00a0\u00bb.<\/p>\n\n\n\n<p><strong>Vincent<\/strong> : g\u00e9rant de soci\u00e9t\u00e9 &#8211; Membre du Conseil d&rsquo;Administration d&rsquo;Emma\u00fcs Toulouse&nbsp; &#8211;&nbsp; Pr\u00e9sident de l&rsquo;association Ornithorynque (association qui collecte et distribue des produits \u00e0 des associations solidaires)<\/p>\n\n\n\n<p>Ces trois personnes se sont rencontr\u00e9es dans le cadre de leurs activit\u00e9s solidaires \u00e0 l&rsquo;occasion d&rsquo;un drame : Une famille avec deux enfants dont un b\u00e9b\u00e9, qui a fait pendant 4 ans tous les efforts n\u00e9cessaires pour son int\u00e9gration, se retrouve \u00e0 la rue, sans ressources, sans droits et sans recours.<\/p>\n\n\n\n<p>La cr\u00e9ation de <strong>Tass2t<\/strong> a \u00e9t\u00e9 d\u00e9cid\u00e9e afin d&rsquo;apporter \u00e0 cette famille, logement, nourriture, v\u00eatements et accompagnement.&nbsp;<strong>Aujourd&rsquo;hui, la situation de cette famille reste pr\u00e9caire et au-del\u00e0 de cette famille beaucoup d&rsquo;autres cas existent.<\/strong><\/p>\n\n\n\n<h4 class=\"wp-block-heading\">C&rsquo;est pourquoi<\/h4>\n\n\n\n<h4 class=\"wp-block-heading\">Il est imp\u00e9ratif d&rsquo;\u00e9largir notre collectif, et<\/h4>\n\n\n\n<h4 class=\"wp-block-heading\"><strong>Vous pouvez en faire partie.<\/strong><\/h4>\n\n\n\n<p>Tout le monde peut participer et <strong>AGIR <\/strong>d&rsquo;une mani\u00e8re simple et imm\u00e9diate :<\/p>\n\n\n\n<ul class=\"wp-block-list\">\n<li>soutien financier,<\/li>\n\n\n\n<li>chambre dans une situation d\u2019urgence,<\/li>\n\n\n\n<li>heures de petits boulots,<\/li>\n\n\n\n<li>un peu de son temps,<\/li>\n\n\n\n<li>produits alimentaires,<\/li>\n\n\n\n<li>produits d\u2019hygi\u00e8ne,<\/li>\n\n\n\n<li>etc&#8230;<\/li>\n\n\n\n<li><a href=\"http:\/\/tass2t.fr\/index.php\/activites\/\">Plus d&rsquo;infos<\/a><\/li>\n<\/ul>\n\n\n\n<h5 class=\"wp-block-heading\">Notre objectif :<\/h5>\n\n\n\n<h5 class=\"wp-block-heading\">Permettre l&rsquo;acc\u00e8s \u00e0 des conditions de vie d\u00e9cente<\/h5>\n","protected":false},"excerpt":{"rendered":"<p>Tout d&rsquo;abord sous forme d&rsquo;un collectif, Tass2t a \u00e9t\u00e9 cr\u00e9\u00e9 \u00e0 l&rsquo;initiative de trois personnes : Jacques : ing\u00e9nieur retrait\u00e9 &#8211; Anime un groupe d&rsquo;enseignants dans le domaine de l&rsquo;alphab\u00e9tisation &#8211; A travaill\u00e9 aux Restos du Coeur. Philippe : m\u00e9decin retrait\u00e9 &#8211; Depuis 1998, membre de&nbsp; diff\u00e9rents Conseils d&rsquo;Administration d&rsquo;associations travaillant aupr\u00e8s des \u00ab\u00a0Gens de [&hellip;]<\/p>\n","protected":false},"author":1,"featured_media":0,"parent":0,"menu_order":0,"comment_status":"closed","ping_status":"closed","template":"","meta":{"footnotes":""},"class_list":["post-41","page","type-page","status-publish","hentry","entry"],"_links":{"self":[{"href":"https:\/\/tass2t.fr\/index.php\/wp-json\/wp\/v2\/pages\/41","targetHints":{"allow":["GET"]}}],"collection":[{"href":"https:\/\/tass2t.fr\/index.php\/wp-json\/wp\/v2\/pages"}],"about":[{"href":"https:\/\/tass2t.fr\/index.php\/wp-json\/wp\/v2\/types\/page"}],"author":[{"embeddable":true,"href":"https:\/\/tass2t.fr\/index.php\/wp-json\/wp\/v2\/users\/1"}],"replies":[{"embeddable":true,"href":"https:\/\/tass2t.fr\/index.php\/wp-json\/wp\/v2\/comments?post=41"}],"version-history":[{"count":1,"href":"https:\/\/tass2t.fr\/index.php\/wp-json\/wp\/v2\/pages\/41\/revisions"}],"predecessor-version":[{"id":42,"href":"https:\/\/tass2t.fr\/index.php\/wp-json\/wp\/v2\/pages\/41\/revisions\/42"}],"wp:attachment":[{"href":"https:\/\/tass2t.fr\/index.php\/wp-json\/wp\/v2\/media?parent=41"}],"curies":[{"name":"wp","href":"https:\/\/api.w.org\/{rel}","templated":true}]}}