{"id":200,"date":"2026-05-15T19:25:01","date_gmt":"2026-05-15T19:25:01","guid":{"rendered":"https:\/\/tass2t.fr\/?page_id=200"},"modified":"2026-05-15T19:26:16","modified_gmt":"2026-05-15T19:26:16","slug":"mentions-legales","status":"publish","type":"page","link":"https:\/\/tass2t.fr\/index.php\/mentions-legales\/","title":{"rendered":"Mentions l\u00e9gales"},"content":{"rendered":"\n<h2 class=\"wp-block-heading\"><strong>1. \u00c9diteur du site<\/strong><\/h2>\n\n\n\n<p>Le site <strong>Tass2T<\/strong> est \u00e9dit\u00e9 par l\u2019association <strong>Tass2T<\/strong>, dont la mission est de favoriser des conditions de vie d\u00e9centes pour des familles en difficult\u00e9.<\/p>\n\n\n\n<p><strong>Association Tass2T<\/strong> <br>Adresse :32 Rue Toulouse Lautrec 31700 Blagnac <br>Email : info@tass2t.fr  <br>Statut : Association loi 1901 \u00e0 but non lucratif <br>Responsable de la publication : Jacques HOFFMANN, pr\u00e9sident.<\/p>\n\n\n\n<h2 class=\"wp-block-heading\"><strong>2. H\u00e9bergement<\/strong><\/h2>\n\n\n\n<p>Le site est h\u00e9berg\u00e9 par :<\/p>\n\n\n\n<p><strong>OVH SAS<\/strong> 2 rue Kellermann \u2013 59100 Roubaix \u2013 France \ud83d\udcde 1007 (service client OVH) Site web : <a href=\"https:\/\/www.ovhcloud.com\">https:\/\/www.ovhcloud.com<\/a><\/p>\n\n\n\n<h2 class=\"wp-block-heading\"><strong>3. Propri\u00e9t\u00e9 intellectuelle<\/strong><\/h2>\n\n\n\n<p>L\u2019ensemble du contenu du site (textes, images, graphismes, logo, ic\u00f4nes, vid\u00e9os, etc.) est la propri\u00e9t\u00e9 exclusive de <strong>Tass2T<\/strong>, sauf mention contraire. Toute reproduction, distribution, modification ou utilisation sans autorisation pr\u00e9alable est interdite.<\/p>\n\n\n\n<h2 class=\"wp-block-heading\"><strong>4. Donn\u00e9es personnelles<\/strong><\/h2>\n\n\n\n<p>Aucune donn\u00e9e personnelle n\u2019est enregistr\u00e9e sur ce site.<\/p>\n\n\n\n<h2 class=\"wp-block-heading\"><strong>5. Cookies<\/strong><\/h2>\n\n\n\n<p>Le site peut utiliser des cookies pour am\u00e9liorer la navigation et mesurer l\u2019audience. Vous pouvez param\u00e9trer votre navigateur pour refuser les cookies ou \u00eatre inform\u00e9 de leur utilisation.<\/p>\n\n\n\n<h2 class=\"wp-block-heading\"><strong>6. Responsabilit\u00e9<\/strong><\/h2>\n\n\n\n<p>L\u2019association Tass2T s\u2019efforce de fournir des informations exactes et \u00e0 jour. Cependant, elle ne saurait \u00eatre tenue responsable des erreurs, omissions ou indisponibilit\u00e9s temporaires du site.<\/p>\n\n\n\n<p>Les liens externes pr\u00e9sents sur le site sont propos\u00e9s \u00e0 titre informatif. Tass2T ne peut \u00eatre tenue responsable du contenu des sites tiers.<\/p>\n\n\n\n<h2 class=\"wp-block-heading\"><strong>7. Accessibilit\u00e9<\/strong><\/h2>\n\n\n\n<p>Tass2T s\u2019engage \u00e0 rendre son site accessible conform\u00e9ment \u00e0 la <strong>directive europ\u00e9enne 2019\/882 (EAA)<\/strong> et au <strong>RGAA 4.1<\/strong>. Pour signaler un probl\u00e8me d\u2019accessibilit\u00e9, contactez\u2011nous \u00e0 info@tass2t.fr.<\/p>\n\n\n\n<h2 class=\"wp-block-heading\"><strong>8. Droit applicable<\/strong><\/h2>\n\n\n\n<p>Les pr\u00e9sentes mentions l\u00e9gales sont r\u00e9gies par le droit fran\u00e7ais. En cas de litige, la juridiction comp\u00e9tente sera celle du ressort du si\u00e8ge de l\u2019association.<\/p>\n","protected":false},"excerpt":{"rendered":"<p>1. \u00c9diteur du site Le site Tass2T est \u00e9dit\u00e9 par l\u2019association Tass2T, dont la mission est de favoriser des conditions de vie d\u00e9centes pour des familles en difficult\u00e9. Association Tass2T Adresse :32 Rue Toulouse Lautrec 31700 Blagnac Email : info@tass2t.fr Statut : Association loi 1901 \u00e0 but non lucratif Responsable de la publication : Jacques [&hellip;]<\/p>\n","protected":false},"author":1,"featured_media":0,"parent":0,"menu_order":0,"comment_status":"closed","ping_status":"closed","template":"","meta":{"footnotes":""},"class_list":["post-200","page","type-page","status-publish","hentry","entry"],"_links":{"self":[{"href":"https:\/\/tass2t.fr\/index.php\/wp-json\/wp\/v2\/pages\/200","targetHints":{"allow":["GET"]}}],"collection":[{"href":"https:\/\/tass2t.fr\/index.php\/wp-json\/wp\/v2\/pages"}],"about":[{"href":"https:\/\/tass2t.fr\/index.php\/wp-json\/wp\/v2\/types\/page"}],"author":[{"embeddable":true,"href":"https:\/\/tass2t.fr\/index.php\/wp-json\/wp\/v2\/users\/1"}],"replies":[{"embeddable":true,"href":"https:\/\/tass2t.fr\/index.php\/wp-json\/wp\/v2\/comments?post=200"}],"version-history":[{"count":3,"href":"https:\/\/tass2t.fr\/index.php\/wp-json\/wp\/v2\/pages\/200\/revisions"}],"predecessor-version":[{"id":204,"href":"https:\/\/tass2t.fr\/index.php\/wp-json\/wp\/v2\/pages\/200\/revisions\/204"}],"wp:attachment":[{"href":"https:\/\/tass2t.fr\/index.php\/wp-json\/wp\/v2\/media?parent=200"}],"curies":[{"name":"wp","href":"https:\/\/api.w.org\/{rel}","templated":true}]}}